
{"id":2551,"date":"2025-11-18T21:51:23","date_gmt":"2025-11-18T20:51:23","guid":{"rendered":"https:\/\/havmollerrecruitment.com\/?page_id=2551"},"modified":"2026-02-27T17:23:41","modified_gmt":"2026-02-27T16:23:41","slug":"careeradvisory","status":"publish","type":"page","link":"https:\/\/havmollerrecruitment.com\/da\/careeradvisory\/","title":{"rendered":"Career Advisory Program"},"content":{"rendered":"","protected":false},"excerpt":{"rendered":"","protected":false},"author":2,"featured_media":2104,"parent":0,"menu_order":0,"comment_status":"closed","ping_status":"closed","template":"","meta":{"_acf_changed":false,"footnotes":""},"class_list":["post-2551","page","type-page","status-publish","has-post-thumbnail","hentry"],"acf":[],"yoast_head":"<!-- This site is optimized with the Yoast SEO plugin v27.4 - https:\/\/yoast.com\/product\/yoast-seo-wordpress\/ -->\n<title>Career Advisory Program - Havm\u00f8ller Recruitment<\/title>\n<meta name=\"description\" content=\"Et professionelt forl\u00f8b for profiler, der vil tr\u00e6ffe deres n\u00e6ste karriereskridt p\u00e5 et solidt strategisk grundlag. Forl\u00f8bet giver et realistisk og markedsorienteret perspektiv p\u00e5 dine muligheder og assets.\" \/>\n<meta name=\"robots\" content=\"index, follow, max-snippet:-1, max-image-preview:large, max-video-preview:-1\" \/>\n<link rel=\"canonical\" href=\"https:\/\/havmollerrecruitment.com\/da\/careeradvisory\/\" \/>\n<meta property=\"og:locale\" content=\"da_DK\" \/>\n<meta property=\"og:type\" content=\"article\" \/>\n<meta property=\"og:title\" content=\"Career Advisory Program\" \/>\n<meta property=\"og:description\" content=\"Et professionelt forl\u00f8b for profiler, der vil tr\u00e6ffe deres n\u00e6ste karriereskridt p\u00e5 et solidt strategisk grundlag ud fra et markedsorienteret perspektiv p\u00e5 dine muligheder og assets.\" \/>\n<meta property=\"og:url\" content=\"https:\/\/havmollerrecruitment.com\/da\/careeradvisory\/\" \/>\n<meta property=\"og:site_name\" content=\"Havm\u00f8ller Recruitment\" \/>\n<meta property=\"article:modified_time\" content=\"2026-02-27T16:23:41+00:00\" \/>\n<meta property=\"og:image\" content=\"https:\/\/havmollerrecruitment.com\/wp-content\/uploads\/2025\/12\/Career-Advisory-Program-1024x677.png\" \/>\n\t<meta property=\"og:image:width\" content=\"1024\" \/>\n\t<meta property=\"og:image:height\" content=\"677\" \/>\n\t<meta property=\"og:image:type\" content=\"image\/png\" \/>\n<meta name=\"twitter:card\" content=\"summary_large_image\" \/>\n<meta name=\"twitter:label1\" content=\"Estimeret l\u00e6setid\" \/>\n\t<meta name=\"twitter:data1\" content=\"1 minut\" \/>\n<script type=\"application\/ld+json\" class=\"yoast-schema-graph\">{\"@context\":\"https:\\\/\\\/schema.org\",\"@graph\":[{\"@type\":\"WebPage\",\"@id\":\"https:\\\/\\\/havmollerrecruitment.com\\\/da\\\/careeradvisory\\\/\",\"url\":\"https:\\\/\\\/havmollerrecruitment.com\\\/da\\\/careeradvisory\\\/\",\"name\":\"Career Advisory Program - Havm\u00f8ller Recruitment\",\"isPartOf\":{\"@id\":\"https:\\\/\\\/havmollerrecruitment.com\\\/#website\"},\"primaryImageOfPage\":{\"@id\":\"https:\\\/\\\/havmollerrecruitment.com\\\/da\\\/careeradvisory\\\/#primaryimage\"},\"image\":{\"@id\":\"https:\\\/\\\/havmollerrecruitment.com\\\/da\\\/careeradvisory\\\/#primaryimage\"},\"thumbnailUrl\":\"https:\\\/\\\/havmollerrecruitment.com\\\/wp-content\\\/uploads\\\/2025\\\/08\\\/alexis-antoine-7L5398cO3Zk-unsplash-scaled.jpg\",\"datePublished\":\"2025-11-18T20:51:23+00:00\",\"dateModified\":\"2026-02-27T16:23:41+00:00\",\"description\":\"Et professionelt forl\u00f8b for profiler, der vil tr\u00e6ffe deres n\u00e6ste karriereskridt p\u00e5 et solidt strategisk grundlag. Forl\u00f8bet giver et realistisk og markedsorienteret perspektiv p\u00e5 dine muligheder og assets.\",\"breadcrumb\":{\"@id\":\"https:\\\/\\\/havmollerrecruitment.com\\\/da\\\/careeradvisory\\\/#breadcrumb\"},\"inLanguage\":\"da-DK\",\"potentialAction\":[{\"@type\":\"ReadAction\",\"target\":[\"https:\\\/\\\/havmollerrecruitment.com\\\/da\\\/careeradvisory\\\/\"]}]},{\"@type\":\"ImageObject\",\"inLanguage\":\"da-DK\",\"@id\":\"https:\\\/\\\/havmollerrecruitment.com\\\/da\\\/careeradvisory\\\/#primaryimage\",\"url\":\"https:\\\/\\\/havmollerrecruitment.com\\\/wp-content\\\/uploads\\\/2025\\\/08\\\/alexis-antoine-7L5398cO3Zk-unsplash-scaled.jpg\",\"contentUrl\":\"https:\\\/\\\/havmollerrecruitment.com\\\/wp-content\\\/uploads\\\/2025\\\/08\\\/alexis-antoine-7L5398cO3Zk-unsplash-scaled.jpg\",\"width\":2560,\"height\":1705},{\"@type\":\"BreadcrumbList\",\"@id\":\"https:\\\/\\\/havmollerrecruitment.com\\\/da\\\/careeradvisory\\\/#breadcrumb\",\"itemListElement\":[{\"@type\":\"ListItem\",\"position\":1,\"name\":\"Home\",\"item\":\"https:\\\/\\\/havmollerrecruitment.com\\\/da\\\/\"},{\"@type\":\"ListItem\",\"position\":2,\"name\":\"Career Advisory Program\"}]},{\"@type\":\"WebSite\",\"@id\":\"https:\\\/\\\/havmollerrecruitment.com\\\/#website\",\"url\":\"https:\\\/\\\/havmollerrecruitment.com\\\/\",\"name\":\"Havm\u00f8ller Recruitment\",\"description\":\"\",\"potentialAction\":[{\"@type\":\"SearchAction\",\"target\":{\"@type\":\"EntryPoint\",\"urlTemplate\":\"https:\\\/\\\/havmollerrecruitment.com\\\/?s={search_term_string}\"},\"query-input\":{\"@type\":\"PropertyValueSpecification\",\"valueRequired\":true,\"valueName\":\"search_term_string\"}}],\"inLanguage\":\"da-DK\"}]}<\/script>\n<!-- \/ Yoast SEO plugin. -->","yoast_head_json":{"title":"Career Advisory Program - Havm\u00f8ller Recruitment","description":"Et professionelt forl\u00f8b for profiler, der vil tr\u00e6ffe deres n\u00e6ste karriereskridt p\u00e5 et solidt strategisk grundlag. Forl\u00f8bet giver et realistisk og markedsorienteret perspektiv p\u00e5 dine muligheder og assets.","robots":{"index":"index","follow":"follow","max-snippet":"max-snippet:-1","max-image-preview":"max-image-preview:large","max-video-preview":"max-video-preview:-1"},"canonical":"https:\/\/havmollerrecruitment.com\/da\/careeradvisory\/","og_locale":"da_DK","og_type":"article","og_title":"Career Advisory Program","og_description":"Et professionelt forl\u00f8b for profiler, der vil tr\u00e6ffe deres n\u00e6ste karriereskridt p\u00e5 et solidt strategisk grundlag ud fra et markedsorienteret perspektiv p\u00e5 dine muligheder og assets.","og_url":"https:\/\/havmollerrecruitment.com\/da\/careeradvisory\/","og_site_name":"Havm\u00f8ller Recruitment","article_modified_time":"2026-02-27T16:23:41+00:00","og_image":[{"width":1024,"height":677,"url":"https:\/\/havmollerrecruitment.com\/wp-content\/uploads\/2025\/12\/Career-Advisory-Program-1024x677.png","type":"image\/png"}],"twitter_card":"summary_large_image","twitter_misc":{"Estimeret l\u00e6setid":"1 minut"},"schema":{"@context":"https:\/\/schema.org","@graph":[{"@type":"WebPage","@id":"https:\/\/havmollerrecruitment.com\/da\/careeradvisory\/","url":"https:\/\/havmollerrecruitment.com\/da\/careeradvisory\/","name":"Career Advisory Program - Havm\u00f8ller Recruitment","isPartOf":{"@id":"https:\/\/havmollerrecruitment.com\/#website"},"primaryImageOfPage":{"@id":"https:\/\/havmollerrecruitment.com\/da\/careeradvisory\/#primaryimage"},"image":{"@id":"https:\/\/havmollerrecruitment.com\/da\/careeradvisory\/#primaryimage"},"thumbnailUrl":"https:\/\/havmollerrecruitment.com\/wp-content\/uploads\/2025\/08\/alexis-antoine-7L5398cO3Zk-unsplash-scaled.jpg","datePublished":"2025-11-18T20:51:23+00:00","dateModified":"2026-02-27T16:23:41+00:00","description":"Et professionelt forl\u00f8b for profiler, der vil tr\u00e6ffe deres n\u00e6ste karriereskridt p\u00e5 et solidt strategisk grundlag. Forl\u00f8bet giver et realistisk og markedsorienteret perspektiv p\u00e5 dine muligheder og assets.","breadcrumb":{"@id":"https:\/\/havmollerrecruitment.com\/da\/careeradvisory\/#breadcrumb"},"inLanguage":"da-DK","potentialAction":[{"@type":"ReadAction","target":["https:\/\/havmollerrecruitment.com\/da\/careeradvisory\/"]}]},{"@type":"ImageObject","inLanguage":"da-DK","@id":"https:\/\/havmollerrecruitment.com\/da\/careeradvisory\/#primaryimage","url":"https:\/\/havmollerrecruitment.com\/wp-content\/uploads\/2025\/08\/alexis-antoine-7L5398cO3Zk-unsplash-scaled.jpg","contentUrl":"https:\/\/havmollerrecruitment.com\/wp-content\/uploads\/2025\/08\/alexis-antoine-7L5398cO3Zk-unsplash-scaled.jpg","width":2560,"height":1705},{"@type":"BreadcrumbList","@id":"https:\/\/havmollerrecruitment.com\/da\/careeradvisory\/#breadcrumb","itemListElement":[{"@type":"ListItem","position":1,"name":"Home","item":"https:\/\/havmollerrecruitment.com\/da\/"},{"@type":"ListItem","position":2,"name":"Career Advisory Program"}]},{"@type":"WebSite","@id":"https:\/\/havmollerrecruitment.com\/#website","url":"https:\/\/havmollerrecruitment.com\/","name":"Havm\u00f8ller Recruitment","description":"","potentialAction":[{"@type":"SearchAction","target":{"@type":"EntryPoint","urlTemplate":"https:\/\/havmollerrecruitment.com\/?s={search_term_string}"},"query-input":{"@type":"PropertyValueSpecification","valueRequired":true,"valueName":"search_term_string"}}],"inLanguage":"da-DK"}]}},"_links":{"self":[{"href":"https:\/\/havmollerrecruitment.com\/da\/wp-json\/wp\/v2\/pages\/2551","targetHints":{"allow":["GET"]}}],"collection":[{"href":"https:\/\/havmollerrecruitment.com\/da\/wp-json\/wp\/v2\/pages"}],"about":[{"href":"https:\/\/havmollerrecruitment.com\/da\/wp-json\/wp\/v2\/types\/page"}],"author":[{"embeddable":true,"href":"https:\/\/havmollerrecruitment.com\/da\/wp-json\/wp\/v2\/users\/2"}],"replies":[{"embeddable":true,"href":"https:\/\/havmollerrecruitment.com\/da\/wp-json\/wp\/v2\/comments?post=2551"}],"version-history":[{"count":35,"href":"https:\/\/havmollerrecruitment.com\/da\/wp-json\/wp\/v2\/pages\/2551\/revisions"}],"predecessor-version":[{"id":2995,"href":"https:\/\/havmollerrecruitment.com\/da\/wp-json\/wp\/v2\/pages\/2551\/revisions\/2995"}],"wp:featuredmedia":[{"embeddable":true,"href":"https:\/\/havmollerrecruitment.com\/da\/wp-json\/wp\/v2\/media\/2104"}],"wp:attachment":[{"href":"https:\/\/havmollerrecruitment.com\/da\/wp-json\/wp\/v2\/media?parent=2551"}],"curies":[{"name":"wp","href":"https:\/\/api.w.org\/{rel}","templated":true}]}}